{"id":2,"date":"2024-01-03T08:22:02","date_gmt":"2024-01-03T08:22:02","guid":{"rendered":"http:\/\/caktus.local\/?page_id=2"},"modified":"2024-01-05T10:54:47","modified_gmt":"2024-01-05T08:54:47","slug":"avaleht","status":"publish","type":"page","link":"https:\/\/caktus.ee\/rus\/","title":{"rendered":"Avaleht"},"content":{"rendered":"\n<figure class=\"wp-block-image size-full\"><img loading=\"lazy\" decoding=\"async\" width=\"2460\" height=\"569\" src=\"https:\/\/caktus.ee\/wp-content\/uploads\/2024\/01\/57kola-prI2492x470.jpg\" alt=\"\" class=\"wp-image-43\" srcset=\"https:\/\/caktus.ee\/wp-content\/uploads\/2024\/01\/57kola-prI2492x470.jpg 2460w, https:\/\/caktus.ee\/wp-content\/uploads\/2024\/01\/57kola-prI2492x470-300x69.jpg 300w, https:\/\/caktus.ee\/wp-content\/uploads\/2024\/01\/57kola-prI2492x470-1024x237.jpg 1024w, https:\/\/caktus.ee\/wp-content\/uploads\/2024\/01\/57kola-prI2492x470-768x178.jpg 768w, https:\/\/caktus.ee\/wp-content\/uploads\/2024\/01\/57kola-prI2492x470-1536x355.jpg 1536w, https:\/\/caktus.ee\/wp-content\/uploads\/2024\/01\/57kola-prI2492x470-2048x474.jpg 2048w, https:\/\/caktus.ee\/wp-content\/uploads\/2024\/01\/57kola-prI2492x470-18x4.jpg 18w\" sizes=\"auto, (max-width: 2460px) 100vw, 2460px\" \/><\/figure>\n\n\n\n<h2 class=\"wp-block-heading has-text-align-center\">Fotograaf Albert Truuv\u00e4\u00e4rt<\/h2>\n\n\n\n<style id=\"bwg-style-0\">    #bwg_container1_0 #bwg_container2_0 #bwg_album_masonry_0.bwg_masonry_thumbnails_0 {      width: 1254px;      max-width: 100%;    }    #bwg_container1_0 #bwg_container2_0 #bwg_album_masonry_0.bwg-container-0 .bwg-item1 img {      max-height: none;      max-width: 250px;    }    @media only screen and (max-width: 1290px) {      #bwg_container1_0 #bwg_container2_0 #bwg_album_masonry_0.bwg_masonry_thumbnails_0 {        width: inherit;      }    }    #bwg_container1_0 #bwg_container2_0 #bwg_album_masonry_0 .bwg_masonry_thumb_0 {      width: 100% !important;;    }    #bwg_container1_0 #bwg_container2_0 #bwg_album_masonry_0.bwg-container-0 .bwg-item {      max-width: 250px;          }          @media only screen and (min-width: 480px) {      #bwg_container1_0 #bwg_container2_0 .bwg-container-0.bwg-masonry-album-thumbnails.bwg-masonry-thumbnails .bwg-item1 img {      -webkit-transition: all .3s; transition: all .3s;      }      #bwg_container1_0 #bwg_container2_0 .bwg-container-0.bwg-masonry-album-thumbnails.bwg-masonry-thumbnails .bwg-item1 img:hover {      -ms-transform: scale(1.08);      -webkit-transform: scale(1.08);      transform: scale(1.08);      }            }                #bwg_container1_0 #bwg_container2_0 .bwg_masonry_thumb_0 {        text-align: center;        display: inline-block;        vertical-align: middle;      \t          width: 100% !important;;      \t        margin: 0;        opacity: 1.00;      }\t\t\t\t\t\t      #bwg_container1_0 #bwg_container2_0 .bwg-container-0.bwg-masonry-thumbnails .bwg-item,      #bwg_container1_0 #bwg_container2_0 .bwg-container-temp0.bwg-masonry-thumbnails .bwg-item {        padding: calc(4px \/ 2);\t\t\t\t      }      #bwg_container1_0 #bwg_container2_0 .bwg-container-0.bwg-masonry-thumbnails .bwg-item0 {      \t        background-color:rgba(0,0,0, 0.30);        border: 0px none #CCCCCC;\t\t\t\topacity: 1.00;        border-radius: 0;      }      #bwg_container1_0 #bwg_container2_0 .bwg-container-0.bwg-masonry-thumbnails .bwg-item1 img {        max-height: none;\t\t\t\t        \tmax-width: calc(250px + (4px + 0px));\t\t\t\t      }\t\t\t\t\t\t\t@media only screen and (min-width: 480px) {\t\t\t\t\t#bwg_container1_0 #bwg_container2_0 .bwg-container-0.bwg-masonry-thumbnails .bwg-item1 img {\t\t\t\t\t\t-webkit-transition: -webkit-transform .3s; transition: transform .3s;\t\t\t\t\t}\t\t\t\t\t#bwg_container1_0 #bwg_container2_0 .bwg-container-0.bwg-masonry-thumbnails .bwg-item1 img:hover {\t\t\t\t\t\t-ms-transform: scale(1.08);\t\t\t\t\t\t-webkit-transform: scale(1.08);\t\t\t\t\t\ttransform: scale(1.08);\t\t\t\t\t}\t\t\t\t\t\t\t\t\t}\t\t\t\t\t\t\t\t\t#bwg_container1_0 #bwg_container2_0 .bwg-container-0.bwg-masonry-thumbnails .bwg-title2,\t\t\t#bwg_container1_0 #bwg_container2_0 .bwg-container-temp0.bwg-masonry-thumbnails .bwg-title2,\t\t\t#bwg_container1_0 #bwg_container2_0 .bwg-container-0.bwg-masonry-thumbnails .bwg-play-icon2,\t\t\t#bwg_container1_0 #bwg_container2_0 .bwg-container-0.bwg-masonry-thumbnails .bwg-ecommerce2 {\t\t\t\tmax-height: 100%;\t\t\t\tpadding: 2px;\t\t\t\tfont-family: Ubuntu;\t\t\t\tfont-weight: bold;\t\t\t\tfont-size: 16px;\t\t\t\tcolor: #323A45;\t\t\t}\t\t\t#bwg_container1_0 #bwg_container2_0 .bwg-container-0.bwg-masonry-thumbnails .bwg-ecommerce2 {\t\t\t\tcolor: #323A45;\t\t\t}\t  \t#bwg_container1_0 #bwg_container2_0 .bwg_masonry_thumbnails_0 {\t\t\t\tposition: relative;\t\t\t\tbackground-color: rgba(255, 255, 255, 0.00);\t\t\t\tfont-size: 0;\t\t\t\t\t\t\t\t\twidth: 1254px;\t\t\t\t\tmax-width: 100%;\t\t\t\t\t\t\t\t\tmax-width: 100%;\t\t\t\t\t\t\t\t\t\t\t\t\tmargin: 0 auto;\t\t\t\t\t\t\t}\t\t\t\t\t\t\t@media only screen and (max-width: 1290px) {\t\t\t\t\t#bwg_container1_0 #bwg_container2_0 .bwg_masonry_thumbnails_0 {\t\t\t\t\t\twidth: inherit;\t\t\t\t\t}\t\t\t\t}\t\t\t\t\t\t#bwg_container1_0 #bwg_container2_0 .bwg_masonry_thumb_description_0 {        color: #323A45;        line-height: 1.4;        font-size: 16px;        font-family: Ubuntu;        text-align: justify;      }      #bwg_container1_0.bwg_thumbnails_masonry .wd_error p {        color: #323A45;      }      #bwg_container1_0 #bwg_container2_0 .bwg_gal_title_0 {        background-color: rgba(0, 0, 0, 0);        color: #323A45;        display: block;        font-family: Ubuntu;        font-size: 18px;        font-weight: bold;        padding: 0 2px 2px 2px;        text-shadow: 0px 0px 0px #888888;        text-align: center;      }      <\/style>    <div id=\"bwg_container1_0\"         class=\"bwg_container bwg_thumbnail bwg_album_masonry_preview bwg_masonry\"         data-right-click-protection=\"0\"         data-bwg=\"0\"         data-scroll=\"0\"         data-gallery-type=\"album_masonry_preview\"         data-gallery-view-type=\"masonry\"         data-current-url=\"\/rus\/wp-json\/wp\/v2\/pages\/2\"         data-lightbox-url=\"https:\/\/caktus.ee\/wp-admin\/admin-ajax.php?action=GalleryBox&#038;current_view=0&#038;gallery_id=0&#038;tag=0&#038;theme_id=1&#038;shortcode_id=3&#038;sort_by=order&#038;order_by=asc&#038;current_url=%2Frus%2Fwp-json%2Fwp%2Fv2%2Fpages%2F2\"         data-gallery-id=\"0\"         data-popup-width=\"800\"         data-popup-height=\"500\"         data-is-album=\"album\"         data-buttons-position=\"bottom\">      <div id=\"bwg_container2_0\">             <div id=\"ajax_loading_0\" class=\"bwg_loading_div_1\">      <div class=\"bwg_loading_div_2\">        <div class=\"bwg_loading_div_3\">          <div id=\"loading_div_0\" class=\"bwg_spider_ajax_loading\">          <\/div>        <\/div>      <\/div>    <\/div>            <form id=\"gal_front_form_0\"              class=\"bwg-hidden\"              method=\"post\"              action=\"#\"              data-current=\"0\"              data-shortcode-id=\"3\"              data-gallery-type=\"album_masonry_preview\"              data-gallery-id=\"0\"              data-tag=\"0\"              data-album-id=\"1\"              data-theme-id=\"1\"              data-ajax-url=\"https:\/\/caktus.ee\/wp-admin\/admin-ajax.php?action=bwg_frontend_data\">          <div id=\"bwg_container3_0\" class=\"bwg-background bwg-background-0\">                <div data-bwg=\"0\"         data-masonry-type=\"vertical\"         data-resizable-thumbnails=\"1\"         data-max-count=\"5\"         data-thumbnail-width=\"250\"         data-thumbnail-padding=\"4\"         data-thumbnail-border=\"0\"         id=\"bwg_album_masonry_0\"         class=\"bwg-thumbnails bwg-masonry-album-thumbnails bwg-masonry-thumbnails bwg_masonry_thumbnails_0 bwg-masonry-vertical bwg-container bwg-border-box bwg-container-0 bwg-album-thumbnails bwg_album_thumbnails_0 \">                        <div class=\"bwg-item\">                <a class=\"bwg-a bwg-album bwg_album_0\"                  href='\/rus\/wp-json\/wp\/v2\/pages\/2?type_0=gallery&#038;album_gallery_id_0=4'                                     data-container_id=\"bwg_album_masonry_0\"                   data-def_type=\"gallery\"                   data-album_gallery_id=\"1\"                   data-alb_gal_id=\"4\"                   data-title=\"Pressifoto\"                   data-bwg=\"0\">                  <div class=\"bwg-item0\">                    <div class=\"bwg-item1 \">                      <img decoding=\"async\" class=\"skip-lazy bwg-masonry-thumb bwg_masonry_thumb_0 \"                           src=\"https:\/\/caktus.ee\/wp-content\/uploads\/photo-gallery\/Pressifoto\/thumb\/1-rep.merepaevadAT-009.jpg?bwg=1704442733\"                           data-src=\"https:\/\/caktus.ee\/wp-content\/uploads\/photo-gallery\/Pressifoto\/thumb\/1-rep.merepaevadAT-009.jpg?bwg=1704442733\"                           data-width=\"500.00\"                           data-height=\"333.00\"                           alt=\"Pressifoto\"                           title=\"Pressifoto\" \/>                      <div class=\"\">                                              <\/div>                    <\/div>                  <\/div>                                  <\/a>              <\/div>                            <div class=\"bwg-item\">                <a class=\"bwg-a bwg-album bwg_album_0\"                  href='\/rus\/wp-json\/wp\/v2\/pages\/2?type_0=gallery&#038;album_gallery_id_0=5'                                     data-container_id=\"bwg_album_masonry_0\"                   data-def_type=\"gallery\"                   data-album_gallery_id=\"1\"                   data-alb_gal_id=\"5\"                   data-title=\"Perepildid\"                   data-bwg=\"0\">                  <div class=\"bwg-item0\">                    <div class=\"bwg-item1 \">                      <img decoding=\"async\" class=\"skip-lazy bwg-masonry-thumb bwg_masonry_thumb_0 \"                           src=\"https:\/\/caktus.ee\/wp-content\/uploads\/photo-gallery\/Perepildid\/thumb\/000072.jpg?bwg=1704443180\"                           data-src=\"https:\/\/caktus.ee\/wp-content\/uploads\/photo-gallery\/Perepildid\/thumb\/000072.jpg?bwg=1704443180\"                           data-width=\"500.00\"                           data-height=\"338.00\"                           alt=\"Perepildid\"                           title=\"Perepildid\" \/>                      <div class=\"\">                                              <\/div>                    <\/div>                  <\/div>                                  <\/a>              <\/div>                            <div class=\"bwg-item\">                <a class=\"bwg-a bwg-album bwg_album_0\"                  href='\/rus\/wp-json\/wp\/v2\/pages\/2?type_0=gallery&#038;album_gallery_id_0=1'                                     data-container_id=\"bwg_album_masonry_0\"                   data-def_type=\"gallery\"                   data-album_gallery_id=\"1\"                   data-alb_gal_id=\"1\"                   data-title=\"Pulmad\"                   data-bwg=\"0\">                  <div class=\"bwg-item0\">                    <div class=\"bwg-item1 \">                      <img decoding=\"async\" class=\"skip-lazy bwg-masonry-thumb bwg_masonry_thumb_0 \"                           src=\"https:\/\/caktus.ee\/wp-content\/uploads\/photo-gallery\/Pulmad\/thumb\/MG_4026.jpg?bwg=1704274268\"                           data-src=\"https:\/\/caktus.ee\/wp-content\/uploads\/photo-gallery\/Pulmad\/thumb\/MG_4026.jpg?bwg=1704274268\"                           data-width=\"500.00\"                           data-height=\"333.00\"                           alt=\"Pulmad\"                           title=\"Pulmad\" \/>                      <div class=\"\">                                              <\/div>                    <\/div>                  <\/div>                                  <\/a>              <\/div>                            <div class=\"bwg-item\">                <a class=\"bwg-a bwg-album bwg_album_0\"                  href='\/rus\/wp-json\/wp\/v2\/pages\/2?type_0=gallery&#038;album_gallery_id_0=2'                                     data-container_id=\"bwg_album_masonry_0\"                   data-def_type=\"gallery\"                   data-album_gallery_id=\"1\"                   data-alb_gal_id=\"2\"                   data-title=\"Tooted\"                   data-bwg=\"0\">                  <div class=\"bwg-item0\">                    <div class=\"bwg-item1 \">                      <img decoding=\"async\" class=\"skip-lazy bwg-masonry-thumb bwg_masonry_thumb_0 \"                           src=\"https:\/\/caktus.ee\/wp-content\/uploads\/photo-gallery\/Toodete_pildistamine\/thumb\/119.jpg?bwg=1704277536\"                           data-src=\"https:\/\/caktus.ee\/wp-content\/uploads\/photo-gallery\/Toodete_pildistamine\/thumb\/119.jpg?bwg=1704277536\"                           data-width=\"500.00\"                           data-height=\"389.00\"                           alt=\"Tooted\"                           title=\"Tooted\" \/>                      <div class=\"\">                                              <\/div>                    <\/div>                  <\/div>                                  <\/a>              <\/div>                            <div class=\"bwg-item\">                <a class=\"bwg-a bwg-album bwg_album_0\"                  href='\/rus\/wp-json\/wp\/v2\/pages\/2?type_0=gallery&#038;album_gallery_id_0=3'                                     data-container_id=\"bwg_album_masonry_0\"                   data-def_type=\"gallery\"                   data-album_gallery_id=\"1\"                   data-alb_gal_id=\"3\"                   data-title=\"Koolifoto\"                   data-bwg=\"0\">                  <div class=\"bwg-item0\">                    <div class=\"bwg-item1 \">                      <img decoding=\"async\" class=\"skip-lazy bwg-masonry-thumb bwg_masonry_thumb_0 \"                           src=\"https:\/\/caktus.ee\/wp-content\/uploads\/photo-gallery\/Koolifoto\/thumb\/12Aklass9.jpg?bwg=1704400685\"                           data-src=\"https:\/\/caktus.ee\/wp-content\/uploads\/photo-gallery\/Koolifoto\/thumb\/12Aklass9.jpg?bwg=1704400685\"                           data-width=\"500.00\"                           data-height=\"326.00\"                           alt=\"Koolifoto\"                           title=\"Koolifoto\" \/>                      <div class=\"\">                                              <\/div>                    <\/div>                  <\/div>                                  <\/a>              <\/div>                    <\/div>          <input type=\"hidden\" id=\"bwg_album_breadcrumb_0\" name=\"bwg_album_breadcrumb_0\" value='[{&quot;id&quot;:&quot;1&quot;,&quot;page&quot;:1}]' \/>    <style>      \/*pagination styles*\/      #bwg_container1_0 #bwg_container2_0 .tablenav-pages_0 {\t\t\t\ttext-align: center;\t\t\t\tfont-size: 12px;\t\t\t\tfont-family: Ubuntu;\t\t\t\tfont-weight: bold;\t\t\t\tcolor: #666666;\t\t\t\tmargin: 6px 0 4px;\t\t\t\tdisplay: block;      }      @media only screen and (max-width : 320px) {      #bwg_container1_0 #bwg_container2_0 .displaying-num_0 {     \t display: none;      }      }      #bwg_container1_0 #bwg_container2_0 .displaying-num_0 {\t\t\t\tfont-size: 12px;\t\t\t\tfont-family: Ubuntu;\t\t\t\tfont-weight: bold;\t\t\t\tcolor: #666666;\t\t\t\tmargin-right: 10px;\t\t\t\tvertical-align: middle;      }      #bwg_container1_0 #bwg_container2_0 .paging-input_0 {\t\t\t\tfont-size: 12px;\t\t\t\tfont-family: Ubuntu;\t\t\t\tfont-weight: bold;\t\t\t\tcolor: #666666;\t\t\t\tvertical-align: middle;      }      #bwg_container1_0 #bwg_container2_0 .tablenav-pages_0 a.disabled,      #bwg_container1_0 #bwg_container2_0 .tablenav-pages_0 a.disabled:hover,      #bwg_container1_0 #bwg_container2_0 .tablenav-pages_0 a.disabled:focus,\t\t\t#bwg_container1_0 #bwg_container2_0 .tablenav-pages_0 input.bwg_current_page {\t\t\t\tcursor: default;\t\t\t\tcolor: rgba(102, 102, 102, 0.5);      }      #bwg_container1_0 #bwg_container2_0 .tablenav-pages_0 a,      #bwg_container1_0 #bwg_container2_0 .tablenav-pages_0 input.bwg_current_page {\t\t\t\tcursor: pointer;\t\t\t\ttext-align: center;\t\t\t\tfont-size: 12px;\t\t\t\tfont-family: Ubuntu;\t\t\t\tfont-weight: bold;\t\t\t\tcolor: #666666;\t\t\t\ttext-decoration: none;\t\t\t\tpadding: 3px 6px;\t\t\t\tmargin: 0;\t\t\t\tborder-radius: 0;\t\t\t\tborder-style: solid;\t\t\t\tborder-width: 1px;\t\t\t\tborder-color: #E3E3E3;\t\t\t\t\t\t\t\tbackground-color: rgba(255, 255, 255, 1.00);\t\t\t\tbox-shadow: 0;\t\t\t\ttransition: all 0.3s ease 0s;-webkit-transition: all 0.3s ease 0s;      }      <\/style>      <span class=\"bwg_nav_cont_0\">              <div class=\"tablenav-pages_0\">                  <\/div>                <input type=\"hidden\" id=\"page_number_0\" name=\"page_number_0\" value=\"1\" \/>      <script type=\"text\/javascript\">        if( jQuery('.bwg_nav_cont_0').length > 1 ) {          jQuery('.bwg_nav_cont_0').first().remove()        }        function spider_page_0(cur, x, y, load_more) {          if (typeof load_more == \"undefined\") {            var load_more = false;          }          if (jQuery(cur).hasClass('disabled')) {            return false;          }          var items_county_0 = 1;          switch (y) {            case 1:              if (x >= items_county_0) {                document.getElementById('page_number_0').value = items_county_0;              }              else {                document.getElementById('page_number_0').value = x + 1;              }              break;            case 2:              document.getElementById('page_number_0').value = items_county_0;              break;            case -1:              if (x == 1) {                document.getElementById('page_number_0').value = 1;              }              else {                document.getElementById('page_number_0').value = x - 1;              }              break;            case -2:              document.getElementById('page_number_0').value = 1;              break;\t\t\t\t\t\tcase 0:              document.getElementById('page_number_0').value = x;              break;            default:              document.getElementById('page_number_0').value = 1;          }          bwg_ajax('gal_front_form_0', '0', 'bwg_album_masonry_0', '1', '', 'album', 0, '', '', load_more, '', 1);        }                    jQuery('.first-page-0').on('click', function () {              spider_page_0(this, 1, -2, 'numeric');              return false;            });            jQuery('.prev-page-0').on('click', function () {              spider_page_0(this, 1, -1, 'numeric');              return false;            });            jQuery('.next-page-0').on('click', function () {              spider_page_0(this, 1, 1, 'numeric');              return false;            });            jQuery('.last-page-0').on('click', function () {              spider_page_0(this, 1, 2, 'numeric');              return false;            });        \t\t\t\t\/* Change page on input enter. *\/        function bwg_change_page_0( e, that ) {          if (  e.key == 'Enter' ) {            var to_page = parseInt(jQuery(that).val());            var pages_count = jQuery(that).parents(\".pagination-links\").data(\"pages-count\");            var current_url_param = jQuery(that).attr('data-url-info');            if (to_page > pages_count) {              to_page = 1;            }\t \t\t\t\t\t\t\t\t\t\t\t\tspider_page_0(this, to_page, 0, 'numeric');\t\t\t\t\t\t\treturn false;\t\t\t\t\t\t          }          return true;        }        jQuery('.bwg_load_btn_0').on('click', function () {            spider_page_0(this, 1, 1, true);            return false;        });      <\/script>      <\/span>                <\/div>        <\/form>        <style>          #bwg_container1_0 #bwg_container2_0 #spider_popup_overlay_0 {          background-color: #EEEEEE;          opacity: 0.60;          }          <\/style>        <div id=\"bwg_spider_popup_loading_0\" class=\"bwg_spider_popup_loading\"><\/div>        <div id=\"spider_popup_overlay_0\" class=\"spider_popup_overlay\" onclick=\"spider_destroypopup(1000)\"><\/div>        <input type=\"hidden\" id=\"bwg_random_seed_0\" value=\"1373590830\">                <\/div>    <\/div>    <script>      if (document.readyState === 'complete') {        if( typeof bwg_main_ready == 'function' ) {          if ( jQuery(\"#bwg_container1_0\").height() ) {            bwg_main_ready(jQuery(\"#bwg_container1_0\"));          }        }      } else {        document.addEventListener('DOMContentLoaded', function() {          if( typeof bwg_main_ready == 'function' ) {            if ( jQuery(\"#bwg_container1_0\").height() ) {             bwg_main_ready(jQuery(\"#bwg_container1_0\"));            }          }        });      }    <\/script>    \n\n\n\n<h2 class=\"wp-block-heading\">Minust<\/h2>\n\n\n\n<figure class=\"wp-block-image alignright size-full\"><img loading=\"lazy\" decoding=\"async\" width=\"510\" height=\"600\" src=\"https:\/\/caktus.ee\/wp-content\/uploads\/2024\/01\/10-008-Albert-2589.jpg\" alt=\"\" class=\"wp-image-56\" srcset=\"https:\/\/caktus.ee\/wp-content\/uploads\/2024\/01\/10-008-Albert-2589.jpg 510w, https:\/\/caktus.ee\/wp-content\/uploads\/2024\/01\/10-008-Albert-2589-255x300.jpg 255w, https:\/\/caktus.ee\/wp-content\/uploads\/2024\/01\/10-008-Albert-2589-10x12.jpg 10w\" sizes=\"auto, (max-width: 510px) 100vw, 510px\" \/><\/figure>\n\n\n\n<p style=\"font-size:30px\"><strong>Tere, minu nimi on Albert!<\/strong> <br>Olen kauaaegne kutseline fotograaf. Minu armastus fotograafia vastu sai alguse juba ammu,&nbsp;&nbsp;kooliajal, kui pildistasin filmilindile ja kopeerisin pilte laboris punase valguse all. Olen pildistanud \u00fcle 25 aasta. Seet\u00f5ttu ilmuvad minu 90ndatel Eesti ajalehtede ja uudisteagentuuri tellimusel tehtud must-valged fotod sageli ka tr\u00fckis. Mulle meeldib pildistada linnaelu: n\u00e4ituste avamisi, kontserte, spordi\u00fcritusi, foorumeid ja esitlusi. Fotostuudios t\u00f6\u00f6tades sain hea kogemuse t\u00f6\u00f6st sealse valgusega. Naudin pulmade pildistamist ja perealbumite tarvis piltide tegemist. Oma t\u00f6\u00f6s kasutan CANONi digikaameraid koos professionaalse optika komplektiga.<\/p>\n","protected":false},"excerpt":{"rendered":"<p>Fotograaf Albert Truuv\u00e4\u00e4rt Minust Tere, minu nimi on Albert! Olen kauaaegne kutseline fotograaf. Minu armastus fotograafia vastu sai alguse juba ammu,&nbsp;&nbsp;kooliajal, kui pildistasin filmilindile ja kopeerisin pilte laboris punase valguse all. Olen pildistanud \u00fcle 25 aasta. Seet\u00f5ttu ilmuvad minu 90ndatel Eesti ajalehtede ja uudisteagentuuri tellimusel tehtud must-valged fotod sageli ka tr\u00fckis. Mulle meeldib pildistada linnaelu: [&hellip;]<\/p>\n","protected":false},"author":1,"featured_media":0,"parent":0,"menu_order":0,"comment_status":"closed","ping_status":"closed","template":"","meta":{"_seopress_robots_primary_cat":"","_seopress_titles_title":"","_seopress_titles_desc":"","_seopress_robots_index":"","_seopress_analysis_target_kw":"","site-sidebar-layout":"default","site-content-layout":"","ast-site-content-layout":"default","site-content-style":"default","site-sidebar-style":"default","ast-global-header-display":"","ast-banner-title-visibility":"","ast-main-header-display":"","ast-hfb-above-header-display":"","ast-hfb-below-header-display":"","ast-hfb-mobile-header-display":"","site-post-title":"disabled","ast-breadcrumbs-content":"","ast-featured-img":"","footer-sml-layout":"","ast-disable-related-posts":"","theme-transparent-header-meta":"","adv-header-id-meta":"","stick-header-meta":"","header-above-stick-meta":"","header-main-stick-meta":"","header-below-stick-meta":"","astra-migrate-meta-layouts":"default","ast-page-background-enabled":"default","ast-page-background-meta":{"desktop":{"background-color":"var(--ast-global-color-4)","background-image":"","background-repeat":"repeat","background-position":"center center","background-size":"auto","background-attachment":"scroll","background-type":"","background-media":"","overlay-type":"","overlay-color":"","overlay-opacity":"","overlay-gradient":""},"tablet":{"background-color":"","background-image":"","background-repeat":"repeat","background-position":"center center","background-size":"auto","background-attachment":"scroll","background-type":"","background-media":"","overlay-type":"","overlay-color":"","overlay-opacity":"","overlay-gradient":""},"mobile":{"background-color":"","background-image":"","background-repeat":"repeat","background-position":"center center","background-size":"auto","background-attachment":"scroll","background-type":"","background-media":"","overlay-type":"","overlay-color":"","overlay-opacity":"","overlay-gradient":""}},"ast-content-background-meta":{"desktop":{"background-color":"var(--ast-global-color-5)","background-image":"","background-repeat":"repeat","background-position":"center center","background-size":"auto","background-attachment":"scroll","background-type":"","background-media":"","overlay-type":"","overlay-color":"","overlay-opacity":"","overlay-gradient":""},"tablet":{"background-color":"var(--ast-global-color-5)","background-image":"","background-repeat":"repeat","background-position":"center center","background-size":"auto","background-attachment":"scroll","background-type":"","background-media":"","overlay-type":"","overlay-color":"","overlay-opacity":"","overlay-gradient":""},"mobile":{"background-color":"var(--ast-global-color-5)","background-image":"","background-repeat":"repeat","background-position":"center center","background-size":"auto","background-attachment":"scroll","background-type":"","background-media":"","overlay-type":"","overlay-color":"","overlay-opacity":"","overlay-gradient":""}},"footnotes":""},"class_list":["post-2","page","type-page","status-publish","hentry"],"_links":{"self":[{"href":"https:\/\/caktus.ee\/rus\/wp-json\/wp\/v2\/pages\/2","targetHints":{"allow":["GET"]}}],"collection":[{"href":"https:\/\/caktus.ee\/rus\/wp-json\/wp\/v2\/pages"}],"about":[{"href":"https:\/\/caktus.ee\/rus\/wp-json\/wp\/v2\/types\/page"}],"author":[{"embeddable":true,"href":"https:\/\/caktus.ee\/rus\/wp-json\/wp\/v2\/users\/1"}],"replies":[{"embeddable":true,"href":"https:\/\/caktus.ee\/rus\/wp-json\/wp\/v2\/comments?post=2"}],"version-history":[{"count":27,"href":"https:\/\/caktus.ee\/rus\/wp-json\/wp\/v2\/pages\/2\/revisions"}],"predecessor-version":[{"id":95,"href":"https:\/\/caktus.ee\/rus\/wp-json\/wp\/v2\/pages\/2\/revisions\/95"}],"wp:attachment":[{"href":"https:\/\/caktus.ee\/rus\/wp-json\/wp\/v2\/media?parent=2"}],"curies":[{"name":"wp","href":"https:\/\/api.w.org\/{rel}","templated":true}]}}